{"id":12859,"date":"2024-06-17T19:51:54","date_gmt":"2024-06-17T18:51:54","guid":{"rendered":"https:\/\/kids.quintadaeira.com\/?page_id=12859"},"modified":"2024-06-17T19:52:31","modified_gmt":"2024-06-17T18:52:31","slug":"actividades-kids","status":"publish","type":"page","link":"https:\/\/kids.quintadaeira.com\/fr\/actividades-kids\/","title":{"rendered":"Actividades Kids"},"content":{"rendered":"<div data-elementor-type=\"wp-page\" data-elementor-id=\"12859\" class=\"elementor elementor-12859\" data-elementor-post-type=\"page\">\n\t\t\t\t\t\t<section class=\"elementor-section elementor-top-section elementor-element elementor-element-4dec53b9 elementor-section-boxed elementor-section-height-default elementor-section-height-default\" data-id=\"4dec53b9\" data-element_type=\"section\" data-settings=\"{&quot;jet_parallax_layout_list&quot;:[]}\">\n\t\t\t\t\t\t<div class=\"elementor-container elementor-column-gap-default\">\n\t\t\t\t\t<div class=\"elementor-column elementor-col-100 elementor-top-column elementor-element elementor-element-270e244a\" data-id=\"270e244a\" data-element_type=\"column\">\n\t\t\t<div class=\"elementor-widget-wrap elementor-element-populated\">\n\t\t\t\t\t\t<div class=\"elementor-element elementor-element-71f988f9 dce_masking-none elementor-widget elementor-widget-image\" data-id=\"71f988f9\" data-element_type=\"widget\" data-widget_type=\"image.default\">\n\t\t\t\t<div class=\"elementor-widget-container\">\n\t\t\t<style>\/*! elementor - v3.21.0 - 26-05-2024 *\/\n.elementor-widget-image{text-align:center}.elementor-widget-image a{display:inline-block}.elementor-widget-image a img[src$=\".svg\"]{width:48px}.elementor-widget-image img{vertical-align:middle;display:inline-block}<\/style>\t\t\t\t\t\t\t\t\t\t<img fetchpriority=\"high\" decoding=\"async\" width=\"300\" height=\"232\" src=\"https:\/\/kids.quintadaeira.com\/wp-content\/uploads\/2024\/06\/LOGO-SITE-300x232.png\" class=\"attachment-medium size-medium wp-image-12772\" alt=\"\" srcset=\"https:\/\/kids.quintadaeira.com\/wp-content\/uploads\/2024\/06\/LOGO-SITE-300x232.png 300w, https:\/\/kids.quintadaeira.com\/wp-content\/uploads\/2024\/06\/LOGO-SITE-1024x792.png 1024w, https:\/\/kids.quintadaeira.com\/wp-content\/uploads\/2024\/06\/LOGO-SITE-768x594.png 768w, https:\/\/kids.quintadaeira.com\/wp-content\/uploads\/2024\/06\/LOGO-SITE-16x12.png 16w, https:\/\/kids.quintadaeira.com\/wp-content\/uploads\/2024\/06\/LOGO-SITE.png 1397w\" sizes=\"(max-width: 300px) 100vw, 300px\" \/>\t\t\t\t\t\t\t\t\t\t\t\t\t<\/div>\n\t\t\t\t<\/div>\n\t\t\t\t\t<\/div>\n\t\t<\/div>\n\t\t\t\t\t<\/div>\n\t\t<\/section>\n\t\t<div class=\"elementor-element elementor-element-59d5ae45 activity-section e-flex e-con-boxed e-con e-parent\" data-id=\"59d5ae45\" data-element_type=\"container\" data-settings=\"{&quot;jet_parallax_layout_list&quot;:[]}\">\n\t\t\t\t\t<div class=\"e-con-inner\">\n\t\t<div class=\"elementor-element elementor-element-5d774131 e-con-full e-flex e-con e-child\" data-id=\"5d774131\" data-element_type=\"container\" data-settings=\"{&quot;jet_parallax_layout_list&quot;:[]}\">\n\t\t\t\t<div class=\"elementor-element elementor-element-3314af14 activity-tab elementor-tabs-view-horizontal elementor-widget elementor-widget-tabs\" data-id=\"3314af14\" data-element_type=\"widget\" data-widget_type=\"tabs.default\">\n\t\t\t\t<div class=\"elementor-widget-container\">\n\t\t\t<style>\/*! elementor - v3.21.0 - 26-05-2024 *\/\n.elementor-widget-tabs.elementor-tabs-view-vertical .elementor-tabs-wrapper{width:25%;flex-shrink:0}.elementor-widget-tabs.elementor-tabs-view-vertical .elementor-tab-desktop-title.elementor-active{border-inline-end-style:none}.elementor-widget-tabs.elementor-tabs-view-vertical .elementor-tab-desktop-title.elementor-active:after,.elementor-widget-tabs.elementor-tabs-view-vertical .elementor-tab-desktop-title.elementor-active:before{height:999em;width:0;right:0;border-inline-end-style:solid}.elementor-widget-tabs.elementor-tabs-view-vertical .elementor-tab-desktop-title.elementor-active:before{top:0;transform:translateY(-100%)}.elementor-widget-tabs.elementor-tabs-view-vertical .elementor-tab-desktop-title.elementor-active:after{top:100%}.elementor-widget-tabs.elementor-tabs-view-horizontal .elementor-tab-desktop-title{display:table-cell}.elementor-widget-tabs.elementor-tabs-view-horizontal .elementor-tab-desktop-title.elementor-active{border-bottom-style:none}.elementor-widget-tabs.elementor-tabs-view-horizontal .elementor-tab-desktop-title.elementor-active:after,.elementor-widget-tabs.elementor-tabs-view-horizontal .elementor-tab-desktop-title.elementor-active:before{bottom:0;height:0;width:999em;border-bottom-style:solid}.elementor-widget-tabs.elementor-tabs-view-horizontal .elementor-tab-desktop-title.elementor-active:before{right:100%}.elementor-widget-tabs.elementor-tabs-view-horizontal .elementor-tab-desktop-title.elementor-active:after{left:100%}.elementor-widget-tabs .elementor-tab-content,.elementor-widget-tabs .elementor-tab-title,.elementor-widget-tabs .elementor-tab-title:after,.elementor-widget-tabs .elementor-tab-title:before,.elementor-widget-tabs .elementor-tabs-content-wrapper{border:1px #d5d8dc}.elementor-widget-tabs .elementor-tabs{text-align:start}.elementor-widget-tabs .elementor-tabs-wrapper{overflow:hidden}.elementor-widget-tabs .elementor-tab-title{cursor:pointer;outline:var(--focus-outline,none)}.elementor-widget-tabs .elementor-tab-desktop-title{position:relative;padding:20px 25px;font-weight:700;line-height:1;border:solid transparent}.elementor-widget-tabs .elementor-tab-desktop-title.elementor-active{border-color:#d5d8dc}.elementor-widget-tabs .elementor-tab-desktop-title.elementor-active:after,.elementor-widget-tabs .elementor-tab-desktop-title.elementor-active:before{display:block;content:\"\";position:absolute}.elementor-widget-tabs .elementor-tab-desktop-title:focus-visible{border:1px solid #000}.elementor-widget-tabs .elementor-tab-mobile-title{padding:10px;cursor:pointer}.elementor-widget-tabs .elementor-tab-content{padding:20px;display:none}@media (max-width:767px){.elementor-tabs .elementor-tab-content,.elementor-tabs .elementor-tab-title{border-style:solid solid none}.elementor-tabs .elementor-tabs-wrapper{display:none}.elementor-tabs .elementor-tabs-content-wrapper{border-bottom-style:solid}.elementor-tabs .elementor-tab-content{padding:10px}}@media (min-width:768px){.elementor-widget-tabs.elementor-tabs-view-vertical .elementor-tabs{display:flex}.elementor-widget-tabs.elementor-tabs-view-vertical .elementor-tabs-wrapper{flex-direction:column}.elementor-widget-tabs.elementor-tabs-view-vertical .elementor-tabs-content-wrapper{flex-grow:1;border-style:solid solid solid none}.elementor-widget-tabs.elementor-tabs-view-horizontal .elementor-tab-content{border-style:none solid solid}.elementor-widget-tabs.elementor-tabs-alignment-center .elementor-tabs-wrapper,.elementor-widget-tabs.elementor-tabs-alignment-end .elementor-tabs-wrapper,.elementor-widget-tabs.elementor-tabs-alignment-stretch .elementor-tabs-wrapper{display:flex}.elementor-widget-tabs.elementor-tabs-alignment-center .elementor-tabs-wrapper{justify-content:center}.elementor-widget-tabs.elementor-tabs-alignment-end .elementor-tabs-wrapper{justify-content:flex-end}.elementor-widget-tabs.elementor-tabs-alignment-stretch.elementor-tabs-view-horizontal .elementor-tab-title{width:100%}.elementor-widget-tabs.elementor-tabs-alignment-stretch.elementor-tabs-view-vertical .elementor-tab-title{height:100%}.elementor-tabs .elementor-tab-mobile-title{display:none}}<\/style>\t\t<div class=\"elementor-tabs\">\n\t\t\t<div class=\"elementor-tabs-wrapper\" role=\"tablist\" >\n\t\t\t\t\t\t\t\t\t<div id=\"elementor-tab-title-8561\" class=\"elementor-tab-title elementor-tab-desktop-title\" aria-selected=\"true\" data-tab=\"1\" role=\"tab\" tabindex=\"0\" aria-controls=\"elementor-tab-content-8561\" aria-expanded=\"false\">Verde<\/div>\n\t\t\t\t\t\t\t\t\t<div id=\"elementor-tab-title-8562\" class=\"elementor-tab-title elementor-tab-desktop-title\" aria-selected=\"false\" data-tab=\"2\" role=\"tab\" tabindex=\"-1\" aria-controls=\"elementor-tab-content-8562\" aria-expanded=\"false\">Roxa<\/div>\n\t\t\t\t\t\t\t\t\t<div id=\"elementor-tab-title-8563\" class=\"elementor-tab-title elementor-tab-desktop-title\" aria-selected=\"false\" data-tab=\"3\" role=\"tab\" tabindex=\"-1\" aria-controls=\"elementor-tab-content-8563\" aria-expanded=\"false\">Azul<\/div>\n\t\t\t\t\t\t\t\t\t<div id=\"elementor-tab-title-8564\" class=\"elementor-tab-title elementor-tab-desktop-title\" aria-selected=\"false\" data-tab=\"4\" role=\"tab\" tabindex=\"-1\" aria-controls=\"elementor-tab-content-8564\" aria-expanded=\"false\">Laranja<\/div>\n\t\t\t\t\t\t\t\t\t<div id=\"elementor-tab-title-8565\" class=\"elementor-tab-title elementor-tab-desktop-title\" aria-selected=\"false\" data-tab=\"5\" role=\"tab\" tabindex=\"-1\" aria-controls=\"elementor-tab-content-8565\" aria-expanded=\"false\">Vermelho<\/div>\n\t\t\t\t\t\t\t\t\t<div id=\"elementor-tab-title-8566\" class=\"elementor-tab-title elementor-tab-desktop-title\" aria-selected=\"false\" data-tab=\"6\" role=\"tab\" tabindex=\"-1\" aria-controls=\"elementor-tab-content-8566\" aria-expanded=\"false\">Amarelo<\/div>\n\t\t\t\t\t\t\t<\/div>\n\t\t\t<div class=\"elementor-tabs-content-wrapper\" role=\"tablist\" aria-orientation=\"vertical\">\n\t\t\t\t\t\t\t\t\t<div class=\"elementor-tab-title elementor-tab-mobile-title\" aria-selected=\"true\" data-tab=\"1\" role=\"tab\" tabindex=\"0\" aria-controls=\"elementor-tab-content-8561\" aria-expanded=\"false\">Verde<\/div>\n\t\t\t\t\t<div id=\"elementor-tab-content-8561\" class=\"elementor-tab-content elementor-clearfix\" data-tab=\"1\" role=\"tabpanel\" aria-labelledby=\"elementor-tab-title-8561\" tabindex=\"0\" hidden=\"false\">Discoteca; Horta e Espantalho, Ca\u00e7a ao Tesouro; Atelier do Ch\u00e1; Fabrico de sacos de cheiro; Ci\u00eancia na Quinta; Terra dos \u00edndios; Passeio de P\u00f3nei, Atelier Unguento; Bijuteria Artesanal; Cria\u00e7\u00e3o de perfumes; Planta\u00e7\u00e3o da 1\u00aa \u00c1rvore; Atelier de Pintura; Fabrico de queijos; P\u00e3o e Compotas, Pintura de vasos e planta\u00e7\u00e3o; Visita \u00e0 aldeia dos animais; Fabrico de velas; Lenda do feij\u00e3o m\u00e1gico; Fabrico de Pizzas; Piscina; Atelier da reciclagem; Atelier do chocolate; Fabrico de sabonetes; Passeio de tractor; Jogos tradicionais.<\/div>\n\t\t\t\t\t\t\t\t\t<div class=\"elementor-tab-title elementor-tab-mobile-title\" aria-selected=\"false\" data-tab=\"2\" role=\"tab\" tabindex=\"-1\" aria-controls=\"elementor-tab-content-8562\" aria-expanded=\"false\">Roxa<\/div>\n\t\t\t\t\t<div id=\"elementor-tab-content-8562\" class=\"elementor-tab-content elementor-clearfix\" data-tab=\"2\" role=\"tabpanel\" aria-labelledby=\"elementor-tab-title-8562\" tabindex=\"0\" hidden=\"hidden\"><p>Catapulta aqu\u00e1tica; Girosc\u00f3pio Humano; Flyboard; Passeio de Helic\u00f3ptero; Haka Jet Boat; Air Bungee.<\/p><\/div>\n\t\t\t\t\t\t\t\t\t<div class=\"elementor-tab-title elementor-tab-mobile-title\" aria-selected=\"false\" data-tab=\"3\" role=\"tab\" tabindex=\"-1\" aria-controls=\"elementor-tab-content-8563\" aria-expanded=\"false\">Azul<\/div>\n\t\t\t\t\t<div id=\"elementor-tab-content-8563\" class=\"elementor-tab-content elementor-clearfix\" data-tab=\"3\" role=\"tabpanel\" aria-labelledby=\"elementor-tab-title-8563\" tabindex=\"0\" hidden=\"hidden\">Ski aqu\u00e1tico; Baptismo de mergulho; Passeio de barco; Kneeboard; Wakeboard; B\u00f3ias r\u00e1pidas; Mota de \u00e1gua.<\/div>\n\t\t\t\t\t\t\t\t\t<div class=\"elementor-tab-title elementor-tab-mobile-title\" aria-selected=\"false\" data-tab=\"4\" role=\"tab\" tabindex=\"-1\" aria-controls=\"elementor-tab-content-8564\" aria-expanded=\"false\">Laranja<\/div>\n\t\t\t\t\t<div id=\"elementor-tab-content-8564\" class=\"elementor-tab-content elementor-clearfix\" data-tab=\"4\" role=\"tabpanel\" aria-labelledby=\"elementor-tab-title-8564\" tabindex=\"0\" hidden=\"hidden\"><p>Cinema; Jogos de \u00e1gua; Escalada; Tiro ao alvo; Observa\u00e7\u00e3o espacial; Karaoke; Peddy-paper.<\/p><\/div>\n\t\t\t\t\t\t\t\t\t<div class=\"elementor-tab-title elementor-tab-mobile-title\" aria-selected=\"false\" data-tab=\"5\" role=\"tab\" tabindex=\"-1\" aria-controls=\"elementor-tab-content-8565\" aria-expanded=\"false\">Vermelho<\/div>\n\t\t\t\t\t<div id=\"elementor-tab-content-8565\" class=\"elementor-tab-content elementor-clearfix\" data-tab=\"5\" role=\"tabpanel\" aria-labelledby=\"elementor-tab-title-8565\" tabindex=\"0\" hidden=\"hidden\">Um minuto; Top models; Mini-arborismo; Espeleologia; Slide; Arborismo<\/div>\n\t\t\t\t\t\t\t\t\t<div class=\"elementor-tab-title elementor-tab-mobile-title\" aria-selected=\"false\" data-tab=\"6\" role=\"tab\" tabindex=\"-1\" aria-controls=\"elementor-tab-content-8566\" aria-expanded=\"false\">Amarelo<\/div>\n\t\t\t\t\t<div id=\"elementor-tab-content-8566\" class=\"elementor-tab-content elementor-clearfix\" data-tab=\"6\" role=\"tabpanel\" aria-labelledby=\"elementor-tab-title-8566\" tabindex=\"0\" hidden=\"hidden\">MasterChef; Buggies; Fear Factor; Paintball; Downhill; Insufl\u00e1veis; Noite \u00c1rabe; Tesouro; Survivor<\/div>\n\t\t\t\t\t\t\t<\/div>\n\t\t<\/div>\n\t\t\t\t<\/div>\n\t\t\t\t<\/div>\n\t\t\t\t<\/div>\n\t\t\t\t\t<\/div>\n\t\t\t\t<\/div>\n\t\t\t\t<\/div>","protected":false},"excerpt":{"rendered":"<p>Verde Roxa Azul Laranja Vermelho Amarelo Verde Discoteca; Horta e Espantalho, Ca\u00e7a ao Tesouro; Atelier do Ch\u00e1; Fabrico de sacos de cheiro; Ci\u00eancia na Quinta; Terra dos \u00edndios; Passeio de P\u00f3nei, Atelier Unguento; Bijuteria Artesanal; Cria\u00e7\u00e3o de perfumes; Planta\u00e7\u00e3o da 1\u00aa \u00c1rvore; Atelier de Pintura; Fabrico de queijos; P\u00e3o e Compotas, Pintura de vasos e [&hellip;]<\/p>","protected":false},"author":1,"featured_media":0,"parent":0,"menu_order":0,"comment_status":"closed","ping_status":"closed","template":"elementor_canvas","meta":{"_acf_changed":false,"footnotes":""},"class_list":["post-12859","page","type-page","status-publish","hentry"],"acf":[],"_links":{"self":[{"href":"https:\/\/kids.quintadaeira.com\/fr\/wp-json\/wp\/v2\/pages\/12859","targetHints":{"allow":["GET"]}}],"collection":[{"href":"https:\/\/kids.quintadaeira.com\/fr\/wp-json\/wp\/v2\/pages"}],"about":[{"href":"https:\/\/kids.quintadaeira.com\/fr\/wp-json\/wp\/v2\/types\/page"}],"author":[{"embeddable":true,"href":"https:\/\/kids.quintadaeira.com\/fr\/wp-json\/wp\/v2\/users\/1"}],"replies":[{"embeddable":true,"href":"https:\/\/kids.quintadaeira.com\/fr\/wp-json\/wp\/v2\/comments?post=12859"}],"version-history":[{"count":3,"href":"https:\/\/kids.quintadaeira.com\/fr\/wp-json\/wp\/v2\/pages\/12859\/revisions"}],"predecessor-version":[{"id":12862,"href":"https:\/\/kids.quintadaeira.com\/fr\/wp-json\/wp\/v2\/pages\/12859\/revisions\/12862"}],"wp:attachment":[{"href":"https:\/\/kids.quintadaeira.com\/fr\/wp-json\/wp\/v2\/media?parent=12859"}],"curies":[{"name":"wp","href":"https:\/\/api.w.org\/{rel}","templated":true}]}}